{"id":4179,"date":"2023-07-13T15:26:18","date_gmt":"2023-07-13T15:26:18","guid":{"rendered":"http:\/\/dourogasrenovavel.pt\/board-of-directors\/"},"modified":"2023-08-08T15:41:24","modified_gmt":"2023-08-08T15:41:24","slug":"board-of-directors","status":"publish","type":"page","link":"https:\/\/dourogasrenovavel.pt\/en\/board-of-directors\/","title":{"rendered":"Board of Directors"},"content":{"rendered":"\t\t<div data-elementor-type=\"wp-page\" data-elementor-id=\"4179\" class=\"elementor elementor-4179 elementor-3926\" data-elementor-post-type=\"page\">\n\t\t\t\t\t\t\t<div class=\"elementor-element elementor-element-12d8cb8 e-flex e-con-boxed e-con\" data-id=\"12d8cb8\" data-element_type=\"container\" data-settings=\"{&quot;content_width&quot;:&quot;boxed&quot;}\">\n\t\t\t\t\t<div class=\"e-con-inner\">\n\t\t\t\t<div class=\"elementor-element elementor-element-d0d50a1 elementor-widget elementor-widget-heading\" data-id=\"d0d50a1\" data-element_type=\"widget\" data-widget_type=\"heading.default\">\n\t\t\t\t<div class=\"elementor-widget-container\">\n\t\t\t<h4 class=\"elementor-heading-title elementor-size-default\">Board of Directors\n<\/h4>\t\t<\/div>\n\t\t\t\t<\/div>\n\t\t\t\t<div class=\"elementor-element elementor-element-efe70a5 elementor-widget elementor-widget-text-editor\" data-id=\"efe70a5\" data-element_type=\"widget\" data-widget_type=\"text-editor.default\">\n\t\t\t\t<div class=\"elementor-widget-container\">\n\t\t\t\t\t\t\t<p>Dourog\u00e1s Renov\u00e1vel has a cohesive, responsible, and committed structure to foster the growth and development of the company. The Board of Directors is responsible for managing the activities of Dourog\u00e1s Renov\u00e1vel and for taking decisions on any management matter of the company. <\/p>\n\t\t\t\t\t\t<\/div>\n\t\t\t\t<\/div>\n\t\t\t\t\t<\/div>\n\t\t\t\t<\/div>\n\t\t<div class=\"elementor-element elementor-element-635dad4 e-flex e-con-boxed e-con\" data-id=\"635dad4\" data-element_type=\"container\" data-settings=\"{&quot;content_width&quot;:&quot;boxed&quot;}\">\n\t\t\t\t\t<div class=\"e-con-inner\">\n\t\t<div data-dce-background-overlay-image-url=\"http:\/\/dourogasrenovavel.pt\/wp-content\/uploads\/2023\/07\/nuno.png\" class=\"elementor-element elementor-element-f81ca55 e-con-full e-flex elementor-invisible e-con\" data-id=\"f81ca55\" data-element_type=\"container\" data-settings=\"{&quot;content_width&quot;:&quot;full&quot;,&quot;background_background&quot;:&quot;classic&quot;,&quot;animation&quot;:&quot;fadeInUp&quot;}\">\n\t\t\t\t<div class=\"elementor-element elementor-element-e4e098f elementor-widget elementor-widget-heading\" data-id=\"e4e098f\" data-element_type=\"widget\" data-widget_type=\"heading.default\">\n\t\t\t\t<div class=\"elementor-widget-container\">\n\t\t\t<p class=\"elementor-heading-title elementor-size-default\">Nuno Afonso Moreira<\/p>\t\t<\/div>\n\t\t\t\t<\/div>\n\t\t\t\t<div class=\"elementor-element elementor-element-9c35210 elementor-widget elementor-widget-heading\" data-id=\"9c35210\" data-element_type=\"widget\" data-widget_type=\"heading.default\">\n\t\t\t\t<div class=\"elementor-widget-container\">\n\t\t\t<p class=\"elementor-heading-title elementor-size-default\">President<\/p>\t\t<\/div>\n\t\t\t\t<\/div>\n\t\t\t\t<div class=\"elementor-element elementor-element-e27f62b elementor-widget__width-auto elementor-view-default elementor-widget elementor-widget-icon\" data-id=\"e27f62b\" data-element_type=\"widget\" data-widget_type=\"icon.default\">\n\t\t\t\t<div class=\"elementor-widget-container\">\n\t\t\t\t\t<div class=\"elementor-icon-wrapper\">\n\t\t\t<a class=\"elementor-icon\" href=\"https:\/\/www.linkedin.com\/in\/nuno-afonso-moreira-b347a934\/\" target=\"_blank\" rel=\"noopener\">\n\t\t\t<i aria-hidden=\"true\" class=\"fab fa-linkedin\"><\/i>\t\t\t<\/a>\n\t\t<\/div>\n\t\t\t\t<\/div>\n\t\t\t\t<\/div>\n\t\t\t\t<\/div>\n\t\t<div data-dce-background-overlay-image-url=\"http:\/\/dourogasrenovavel.pt\/wp-content\/uploads\/2023\/07\/armando.png\" class=\"elementor-element elementor-element-8185d78 e-con-full e-flex elementor-invisible e-con\" data-id=\"8185d78\" data-element_type=\"container\" data-settings=\"{&quot;content_width&quot;:&quot;full&quot;,&quot;background_background&quot;:&quot;classic&quot;,&quot;animation&quot;:&quot;fadeInUp&quot;}\">\n\t\t\t\t<div class=\"elementor-element elementor-element-9b46edf elementor-widget elementor-widget-heading\" data-id=\"9b46edf\" data-element_type=\"widget\" data-widget_type=\"heading.default\">\n\t\t\t\t<div class=\"elementor-widget-container\">\n\t\t\t<p class=\"elementor-heading-title elementor-size-default\">Armando Sousa Magalh\u00e3es<\/p>\t\t<\/div>\n\t\t\t\t<\/div>\n\t\t\t\t<div class=\"elementor-element elementor-element-4969653 elementor-widget elementor-widget-heading\" data-id=\"4969653\" data-element_type=\"widget\" data-widget_type=\"heading.default\">\n\t\t\t\t<div class=\"elementor-widget-container\">\n\t\t\t<p class=\"elementor-heading-title elementor-size-default\">Board Member<\/p>\t\t<\/div>\n\t\t\t\t<\/div>\n\t\t\t\t<\/div>\n\t\t<div data-dce-background-overlay-image-url=\"http:\/\/dourogasrenovavel.pt\/wp-content\/uploads\/2023\/07\/Franciscom.png\" class=\"elementor-element elementor-element-a1ae99b e-con-full e-flex elementor-invisible e-con\" data-id=\"a1ae99b\" data-element_type=\"container\" data-settings=\"{&quot;content_width&quot;:&quot;full&quot;,&quot;background_background&quot;:&quot;classic&quot;,&quot;animation&quot;:&quot;fadeInUp&quot;}\">\n\t\t\t\t<div class=\"elementor-element elementor-element-3d8e54b elementor-widget elementor-widget-heading\" data-id=\"3d8e54b\" data-element_type=\"widget\" data-widget_type=\"heading.default\">\n\t\t\t\t<div class=\"elementor-widget-container\">\n\t\t\t<p class=\"elementor-heading-title elementor-size-default\">Francisco Sousa Magalh\u00e3es<\/p>\t\t<\/div>\n\t\t\t\t<\/div>\n\t\t\t\t<div class=\"elementor-element elementor-element-5baff78 elementor-widget elementor-widget-heading\" data-id=\"5baff78\" data-element_type=\"widget\" data-widget_type=\"heading.default\">\n\t\t\t\t<div class=\"elementor-widget-container\">\n\t\t\t<p class=\"elementor-heading-title elementor-size-default\">Board Member<\/p>\t\t<\/div>\n\t\t\t\t<\/div>\n\t\t\t\t<\/div>\n\t\t\t\t\t<\/div>\n\t\t\t\t<\/div>\n\t\t\t\t\t\t\t<\/div>\n\t\t","protected":false},"excerpt":{"rendered":"<p>Board of Directors Dourog\u00e1s Renov\u00e1vel has a cohesive, responsible, and committed structure to foster the growth and development of the company. The Board of Directors is responsible for managing the activities of Dourog\u00e1s Renov\u00e1vel and for taking decisions on any management matter of the company. Nuno Afonso Moreira President Armando Sousa Magalh\u00e3es Board Member Francisco [&hellip;]<\/p>\n","protected":false},"author":1,"featured_media":0,"parent":0,"menu_order":0,"comment_status":"closed","ping_status":"closed","template":"","meta":{"footnotes":""},"class_list":["post-4179","page","type-page","status-publish","hentry"],"acf":[],"_links":{"self":[{"href":"https:\/\/dourogasrenovavel.pt\/en\/wp-json\/wp\/v2\/pages\/4179","targetHints":{"allow":["GET"]}}],"collection":[{"href":"https:\/\/dourogasrenovavel.pt\/en\/wp-json\/wp\/v2\/pages"}],"about":[{"href":"https:\/\/dourogasrenovavel.pt\/en\/wp-json\/wp\/v2\/types\/page"}],"author":[{"embeddable":true,"href":"https:\/\/dourogasrenovavel.pt\/en\/wp-json\/wp\/v2\/users\/1"}],"replies":[{"embeddable":true,"href":"https:\/\/dourogasrenovavel.pt\/en\/wp-json\/wp\/v2\/comments?post=4179"}],"version-history":[{"count":3,"href":"https:\/\/dourogasrenovavel.pt\/en\/wp-json\/wp\/v2\/pages\/4179\/revisions"}],"predecessor-version":[{"id":4182,"href":"https:\/\/dourogasrenovavel.pt\/en\/wp-json\/wp\/v2\/pages\/4179\/revisions\/4182"}],"wp:attachment":[{"href":"https:\/\/dourogasrenovavel.pt\/en\/wp-json\/wp\/v2\/media?parent=4179"}],"curies":[{"name":"wp","href":"https:\/\/api.w.org\/{rel}","templated":true}]}}